{"id":3103,"date":"2009-12-26T09:19:06","date_gmt":"2009-12-26T08:19:06","guid":{"rendered":"https:\/\/frenchduck.com\/latest\/?page_id=3103"},"modified":"2022-01-08T11:02:49","modified_gmt":"2022-01-08T10:02:49","slug":"hauts-de-france","status":"publish","type":"page","link":"https:\/\/frenchduck.com\/latest\/hauts-de-france\/","title":{"rendered":"Hauts-de-France"},"content":{"rendered":"<p>&nbsp;<\/p>\n<p>A new region from 2016 formed from the old Nord-Pas-de-Calais and Picardie regions, which will be known as <strong>Hauts-de-France<\/strong> (HdF)<\/p>\n<p><strong><span id=\"rvm_shortcode_to_copy\"><div  data-plugin=\"responsive-vector-maps\" data-ver=\"6.6.2\" class=\"map-container rvm-map-container\" id=\"france-departments_merc_en-map-37933\"  ><\/div><script data-jetpack-boost=\"ignore\" type=\"text\/javascript\">( function($) { $(function(){var region_background = {\"FR-80\" : \"#dd3333\",\"FR-02\" : \"#0000c4\",\"FR-62\" : \"#279b12\",\"FR-60\" : \"#ffd700\",\"FR-59\" : \"#000000\"};var region_popup = {};var map = new jvm.Map({    container: $(\"#france-departments_merc_en-map-37933\"),    map: \"france-departments_merc_en\" , regionsSelectable: true, regionStyle: { initial: { fill: \"#FFFFFF\", \"fill-opacity\": 1, stroke: \"#6FB4FF\", \"stroke-width\": 1}, hover: { \"fill\": \"#eeee22\", \"fill-opacity\" : 1 }, selected: { fill: \"#bcbcbc\" }}, backgroundColor: \"#A5BFDD\", zoomButtons: true, zoomOnScroll: false, onRegionOver : function(event, code){region_over = true ;if( code ==  \"FR-80\" ) { document.body.style.cursor = \"pointer\" ; }if( code ==  \"FR-02\" ) { document.body.style.cursor = \"pointer\" ; }if( code ==  \"FR-62\" ) { document.body.style.cursor = \"pointer\" ; }if( code ==  \"FR-60\" ) { document.body.style.cursor = \"pointer\" ; }if( code ==  \"FR-59\" ) { document.body.style.cursor = \"pointer\" ; }if( region_over ) { event.preventDefault(); } }, onRegionOut: function(element, code, region) { document.body.style.cursor = \"default\"; }, onRegionClick : function(event, code){if(code == \"FR-80\") { window.open(\"https:\/\/frenchduck.com\/latest\/hauts-de-france\/80-somme\/\", \"_blank \" ) ; }if(code == \"FR-02\") { window.open(\"https:\/\/frenchduck.com\/latest\/hauts-de-france\/02-aisne\/\", \"_blank \" ) ; }if(code == \"FR-62\") { window.open(\"https:\/\/frenchduck.com\/latest\/hauts-de-france\/62-pas-de-calais\/\", \"_blank \" ) ; }if(code == \"FR-60\") { window.open(\"https:\/\/frenchduck.com\/latest\/hauts-de-france\/60-oise\/\", \"_blank \" ) ; }if(code == \"FR-59\") { window.open(\"https:\/\/frenchduck.com\/latest\/hauts-de-france\/59-nord\/\", \"_blank \" ) ; }}, series: { regions: [{ values: region_background, attribute: \"fill\" }]}, onMarkerClick: function(event, index) {if( markers[index].weburl ) { window.open( markers[index].weburl, \"http:\/\/_blank%20\" ) ; } }, markerStyle: {initial: { fill: \"#6FB4FF\", stroke: \"#000000\" }}});});})(jQuery);<\/script><script data-jetpack-boost=\"ignore\" type=\"text\/javascript\">( function($) {var map_container_width = $( \"#france-departments_merc_en-map-37933\").width();var map_container_height = map_container_width \/ 1.03816173116; $(\"#france-departments_merc_en-map-37933\").css( { \"height\" : map_container_height ,  \"max-height\" : map_container_height } );$( window ).resize( function() {var map_container_width = $( \"#france-departments_merc_en-map-37933\").width();var map_container_height = map_container_width \/ 1.03816173116; $( \"#france-departments_merc_en-map-37933\").css( { \"height\" : map_container_height ,  \"max-height\" : map_container_height } );});})(jQuery);<\/script><\/span><\/strong>\u00a0.<\/p>\n<p>Departements of the <a href=\"https:\/\/frenchduck.com\/latest\/regions-departements\/nord-pas-de-calais\/\">Nord-Pas-de-Calais-Picardie Region<\/a> (2016) <em>; Prefecture: <strong>Lille<\/strong><\/em><\/p>\n<ul>\n<li><a href=\"https:\/\/frenchduck.com\/latest\/hauts-de-france\/02-aisne\/\">02 Aisne<\/a><\/li>\n<li><a href=\"https:\/\/frenchduck.com\/latest\/hauts-de-france\/59-nord\/\">59 Nord<\/a><\/li>\n<li><a href=\"https:\/\/frenchduck.com\/latest\/hauts-de-france\/60-oise\/\">60 Oise<\/a><\/li>\n<li><a href=\"https:\/\/frenchduck.com\/latest\/hauts-de-france\/62-pas-de-calais\/\">62 Pas-de-Calais<\/a><\/li>\n<li><a href=\"https:\/\/frenchduck.com\/latest\/hauts-de-france\/80-somme\/\">80 Somme<\/a><\/li>\n<\/ul>\n<blockquote class=\"twitter-tweet\" data-lang=\"en\">\n<p dir=\"ltr\" lang=\"fr\">D\u00e9couvrez tous les jours les <a href=\"https:\/\/twitter.com\/hashtag\/hautsdefrance?src=hash&amp;ref_src=twsrc%5Etfw\">#hautsdefrance<\/a> sous des angles insoup\u00e7onn\u00e9s, en rejoignant notre compte instagram ! <a href=\"https:\/\/t.co\/nmcnLAwMow\">https:\/\/t.co\/nmcnLAwMow<\/a> <a href=\"https:\/\/t.co\/JqufE5Nqm2\">pic.twitter.com\/JqufE5Nqm2<\/a><\/p>\n<p>\u2014 NPDC_tourisme (@tourisme_npdc) <a href=\"https:\/\/twitter.com\/tourisme_npdc\/status\/919480507276103680?ref_src=twsrc%5Etfw\">October 15, 2017<\/a><\/p><\/blockquote>\n<p><script async src=\"\/\/platform.twitter.com\/widgets.js\" charset=\"utf-8\"><\/script><br \/>\nSee more about the region:<em><ul class=\"lcp_catlist\" id=\"lcp_instance_0\"><li><a href=\"https:\/\/frenchduck.com\/latest\/amiens-christmas-market-and-cathedral-in-lights\/\">Amiens &#8211; Christmas, Cathedral and hotel<\/a><\/li><li><a href=\"https:\/\/frenchduck.com\/latest\/amiens-cathedral-in-colour\/\">Amiens Cathedral in Colour<\/a><\/li><li><a href=\"https:\/\/frenchduck.com\/latest\/amiens-cathedral-in-colour-2\/\">Amiens Cathedral in Colour &#8211; light and sound display<\/a><\/li><li><a href=\"https:\/\/frenchduck.com\/latest\/amiens-centenary-air-show\/\">Amiens Centenary Air Show<\/a><\/li><li><a href=\"https:\/\/frenchduck.com\/latest\/amiens-christmas-market\/\">Amiens Christmas Market<\/a><\/li><li><a href=\"https:\/\/frenchduck.com\/latest\/amiens-water-market\/\">Amiens Water Market<\/a><\/li><li><a href=\"https:\/\/frenchduck.com\/latest\/amiens-chocolate-and-australians\/\">Amiens, Chocolate and Australians<\/a><\/li><li><a href=\"https:\/\/frenchduck.com\/latest\/arleux-garlic-festival\/\">Arleux Smoked Garlic Festival<\/a><\/li><li><a href=\"https:\/\/frenchduck.com\/latest\/french-christmas-market-in-arras\/\">Arras &#8211; enjoy this typical French Christmas Market<\/a><\/li><li><a href=\"https:\/\/frenchduck.com\/latest\/pop-in-arras-main-square-festival\/\">Arras &#8211; Main Square Festival<\/a><\/li><li><a href=\"https:\/\/frenchduck.com\/latest\/underground-gardens-in-arras\/\">Arras = Underground gardens<\/a><\/li><li><a href=\"https:\/\/frenchduck.com\/latest\/autoroute-free-flow-tolls\/\">Autoroute &#8211; free flow tolls<\/a><\/li><li><a href=\"https:\/\/frenchduck.com\/latest\/international-potjevleesch-festival\/\">Bailleul &#8211; Carnaval and Potjevleesch!<\/a><\/li><li><a href=\"https:\/\/frenchduck.com\/latest\/international-kite-festival-at-berck\/\">Berck-sur-Mer &#8211; International Kite Festival<\/a><\/li><li><a href=\"https:\/\/frenchduck.com\/latest\/worth-a-detour-bergues\/\">Bergues &#8211; worth a detour<\/a><\/li><li><a href=\"https:\/\/frenchduck.com\/latest\/father-christmas-sings-the-blues-in-bethune\/\">Bethune at Christmas<\/a><\/li><li><a href=\"https:\/\/frenchduck.com\/latest\/boulogne-christmas-market\/\">Boulogne Christmas Market<\/a><\/li><li><a href=\"https:\/\/frenchduck.com\/latest\/boulognes-herring-festival\/\">Boulogne&#8217;s Herring Festival<\/a><\/li><li><a href=\"https:\/\/frenchduck.com\/latest\/boulogne-sur-mers-christmas-festivities\/\">Boulogne-sur-Mer&#8217;s Christmas festivities<\/a><\/li><li><a href=\"https:\/\/frenchduck.com\/latest\/calais-attractions\/\">Calais attractions<\/a><\/li><li><a href=\"https:\/\/frenchduck.com\/latest\/christmas-markets-calais\/\">Calais Christmas Markets<\/a><\/li><li><a href=\"https:\/\/frenchduck.com\/latest\/shop-local-in-calais\/\">Calais- Shop local<\/a><\/li><li><a href=\"https:\/\/frenchduck.com\/latest\/cassel-bagpipes-festival\/\">Cassel Bagpipes Festival<\/a><\/li><li><a href=\"https:\/\/frenchduck.com\/latest\/days-of-roses-at-the-royal-abbey-of-chaalis\/\">Chaalis &#8211; days of roses at the Royal Abbey<\/a><\/li><li><a href=\"https:\/\/frenchduck.com\/latest\/chantilly-chateau\/\">Chantilly Chateau, Gardens, Cream and Lace<\/a><\/li><li><a href=\"https:\/\/frenchduck.com\/latest\/charity-cycle-ride-from-london-to-paris\/\">Charity Cycle Ride from London to Paris<\/a><\/li><li><a href=\"https:\/\/frenchduck.com\/latest\/cheese-wine-fair-in-compiegne\/\">Compiegne &#8211; Cheese &#038; Wine Fair<\/a><\/li><li><a href=\"https:\/\/frenchduck.com\/latest\/compiegne-61\/\">Compiegne 61<\/a><\/li><li><a href=\"https:\/\/frenchduck.com\/latest\/douai-giants-festival\/\">Douai Giants Festival 2022<\/a><\/li><li><a href=\"https:\/\/frenchduck.com\/latest\/dunkerque-gravelines\/\">Dunkerque and Gravelines<\/a><\/li><li><a href=\"https:\/\/frenchduck.com\/latest\/dunkerque-carnival-2010\/\">Dunkerque Carnival<\/a><\/li><li><a href=\"https:\/\/frenchduck.com\/latest\/dunkerques-wine-beer-artisan-food-fair-weekend\/\">Dunkerque&#8217;s Wine, beer and artisan food fair weekend<\/a><\/li><li><a href=\"https:\/\/frenchduck.com\/latest\/dunkirk-celebrations\/\">Dunkirk Celebrations and Operation Dynamo<\/a><\/li><li><a href=\"https:\/\/frenchduck.com\/latest\/etaples-herring-festival\/\">Etaples Herring Festival<\/a><\/li><li><a href=\"https:\/\/frenchduck.com\/latest\/european-heritage-open-days\/\">European Heritage Open Days<\/a><\/li><li><a href=\"https:\/\/frenchduck.com\/latest\/flying-uk-to-france\/\">Flying UK to France<\/a><\/li><li><a href=\"https:\/\/frenchduck.com\/latest\/france-cycle-routes\/\">France Cycle Routes<\/a><\/li><li><a href=\"https:\/\/frenchduck.com\/latest\/garden-days-at-chantilly\/\">Garden Days at Chantilly<\/a><\/li><li><a href=\"https:\/\/frenchduck.com\/latest\/worth-a-detour-gerberoy-oise\/\">Gerberoy &#8211; smell the roses!<\/a><\/li><li><a href=\"https:\/\/frenchduck.com\/latest\/getting-around-northern-france-french-style\/\">Getting around northern France &#8211; French style!<\/a><\/li><li><a href=\"https:\/\/frenchduck.com\/latest\/hardelot-medieval-and-summer-festivals\/\">Hardelot Medieval and Summer Festivals<\/a><\/li><li><a href=\"https:\/\/frenchduck.com\/latest\/hauts-de-france\/\">Hauts-de-France?<\/a><\/li><li><a href=\"https:\/\/frenchduck.com\/latest\/in-praise-of-autoroute-aires\/\">In praise of autoroute &#8220;aires&#8221;?<\/a><\/li><li><a href=\"https:\/\/frenchduck.com\/latest\/paris-deauville-rally\/\">Le Touquet &#8211; Paris-Plage<\/a><\/li><li><a href=\"https:\/\/frenchduck.com\/latest\/sand-castles-at-le-touquet\/\">Le Touquet &#8211; Sand Sculptures<\/a><\/li><li><a href=\"https:\/\/frenchduck.com\/latest\/the-louvre-in-lens\/\">Lens Louvre<\/a><\/li><li><a href=\"https:\/\/frenchduck.com\/latest\/french-turkey-festival-fete-de-la-dinde\/\">Licques &#8211; Turkey Festival (Fete de la Dinde)<\/a><\/li><li><a href=\"https:\/\/frenchduck.com\/latest\/licques-turkey-parade\/\">Licques Turkey Parade<\/a><\/li><li><a href=\"https:\/\/frenchduck.com\/latest\/lights-music-and-art-at-the-calais-abattoir\/\">Lights, Music and Art at the Calais Abattoir!<\/a><\/li><li><a href=\"https:\/\/frenchduck.com\/latest\/idyllic-bb-near-lille\/\">Lille &#8211; Idyllic B&#038;B<\/a><\/li><li><a href=\"https:\/\/frenchduck.com\/latest\/le-weekend-in-lille\/\">Lille &#8211; Le weekend<\/a><\/li><li><a href=\"https:\/\/frenchduck.com\/latest\/art-in-lille\/\">Lille and its art<\/a><\/li><li><a href=\"https:\/\/frenchduck.com\/latest\/lille-beach\/\">Lille Beach<\/a><\/li><li><a href=\"https:\/\/frenchduck.com\/latest\/lille-street-food-festival\/\">Lille Street Food Festival<\/a><\/li><li><a href=\"https:\/\/frenchduck.com\/latest\/lilles-christmas-celebrations\/\">Lille&#8217;s Christmas celebrations<\/a><\/li><li><a href=\"https:\/\/frenchduck.com\/latest\/lilles-christmas-market\/\">Lille&#8217;s Christmas Market<\/a><\/li><li><a href=\"https:\/\/frenchduck.com\/latest\/lilles-christmas-market-2007\/\">Lille&#8217;s Christmas Market 2007<\/a><\/li><li><a href=\"https:\/\/frenchduck.com\/latest\/lilles-flea-market\/\">Lille&#8217;s Flea Market<\/a><\/li><li><a href=\"https:\/\/frenchduck.com\/latest\/lilles-soup-festival\/\">Lille&#8217;s Soup Festival<\/a><\/li><li><a href=\"https:\/\/frenchduck.com\/latest\/market-days-in-62-pas-de-calais\/\">Market days in 62 Pas-de- Calais<\/a><\/li><li><a href=\"https:\/\/frenchduck.com\/latest\/medieval-french-gardens\/\">Medieval French Gardens<\/a><\/li><li><a href=\"https:\/\/frenchduck.com\/latest\/modigliani-at-villeneuve-dascq\/\">Modigliani in Lille<\/a><\/li><li><a href=\"https:\/\/frenchduck.com\/latest\/most-beautiful-villages\/\">Most Beautiful Villages of France<\/a><\/li><li><a href=\"https:\/\/frenchduck.com\/latest\/festival-of-red-fruits-at-noyon\/\">Noyon &#8211; Festival of Red Fruits<\/a><\/li><li><a href=\"https:\/\/frenchduck.com\/latest\/paris-roubaix-cycle-race\/\">Paris-Roubaix Cycle Race<\/a><\/li><li><a href=\"https:\/\/frenchduck.com\/latest\/clifftop-restaurant-with-rooms-in-picardy\/\">Picardy &#8211; Clifftop Restaurant with rooms<\/a><\/li><li><a href=\"https:\/\/frenchduck.com\/latest\/picardy-christmas-markets-in-picardy\/\">Picardy Christmas Markets<\/a><\/li><li><a href=\"https:\/\/frenchduck.com\/latest\/shopping-eating-and-staying-in-lille\/\">Shopping, eating and staying in Lille<\/a><\/li><li><a href=\"https:\/\/frenchduck.com\/latest\/somme-bird-festival\/\">Somme Bird and Nature Festival<\/a><\/li><li><a href=\"https:\/\/frenchduck.com\/latest\/worth-a-detour-st-valery-sur-somme\/\">St Valery-sur-Somme &#8211; Worth a detour<\/a><\/li><li><a href=\"https:\/\/frenchduck.com\/latest\/steam-festival-on-the-somme\/\">Steam Festival on the Somme<\/a><\/li><li><a href=\"https:\/\/frenchduck.com\/latest\/dunkerque-christmas-market\/\">The Christmas Market in Dunkerque<\/a><\/li><li><a href=\"https:\/\/frenchduck.com\/latest\/great-war-revisited\/\">The Great War Revisited<\/a><\/li><li><a href=\"https:\/\/frenchduck.com\/latest\/top-places-to-visit-in-france-the-best-loved-french-monuments\/\">The Top places to visit in France<\/a><\/li><li><a href=\"https:\/\/frenchduck.com\/latest\/toll-free-autoroutes-in-france\/\">Toll Free Autoroutes in France<\/a><\/li><li><a href=\"https:\/\/frenchduck.com\/latest\/toll-free-autoroutes-in-france-2\/\">Toll Free autoroutes in France<\/a><\/li><li><a href=\"https:\/\/frenchduck.com\/latest\/save-on-top-attractions-in-france\/\">Top attractions in France<\/a><\/li><li><a href=\"https:\/\/frenchduck.com\/latest\/tour-de-france\/\">Tour de France<\/a><\/li><li><a href=\"https:\/\/frenchduck.com\/latest\/towns-free-bus-transport-france\/\">Towns with Free Bus Transport in France<\/a><\/li><li><a href=\"https:\/\/frenchduck.com\/latest\/train-or-plane-to-the-french-riviera\/\">Train or Plane to the French Riviera?<\/a><\/li><li><a href=\"https:\/\/frenchduck.com\/latest\/visions-of-france-saint-valery\/\">Visions of France &#8211; St Valery-sur-Somme<\/a><\/li><li><a href=\"https:\/\/frenchduck.com\/latest\/visiting-northern-france\/\">Visiting northern France<\/a><\/li><li><a href=\"https:\/\/frenchduck.com\/latest\/water-fun-in-arras\/\">Water fun in Arras<\/a><\/li><\/ul><\/em><\/p>\n<blockquote class=\"twitter-tweet\" data-lang=\"en\">\n<p dir=\"ltr\" lang=\"fr\">D\u00e9couvrez notre r\u00e9gion sous des angles insoup\u00e7onn\u00e9s, en rejoignant notre compte instagram ! <a href=\"https:\/\/t.co\/nmcnLAwMow\">https:\/\/t.co\/nmcnLAwMow<\/a> <a href=\"https:\/\/twitter.com\/hashtag\/hautsdefrance?src=hash&amp;ref_src=twsrc%5Etfw\">#hautsdefrance<\/a> <a href=\"https:\/\/t.co\/a0aC51lm1W\">pic.twitter.com\/a0aC51lm1W<\/a><\/p>\n<p>\u2014 NPDC_tourisme (@tourisme_npdc) <a href=\"https:\/\/twitter.com\/tourisme_npdc\/status\/922009671011061761?ref_src=twsrc%5Etfw\">October 22, 2017<\/a><\/p><\/blockquote>\n<p><script async src=\"\/\/platform.twitter.com\/widgets.js\" charset=\"utf-8\"><\/script><\/p>\n","protected":false},"excerpt":{"rendered":"<p>&nbsp; A new region from 2016 formed from the old Nord-Pas-de-Calais and Picardie regions, which will be known as Hauts-de-France (HdF) \u00a0. Departements of the Nord-Pas-de-Calais-Picardie Region (2016) ; Prefecture: Lille 02 Aisne 59 Nord 60 Oise 62 Pas-de-Calais 80 Somme D\u00e9couvrez tous les jours les #hautsdefrance sous des angles insoup\u00e7onn\u00e9s, en rejoignant notre compte [&hellip;]<\/p>\n","protected":false},"author":1,"featured_media":0,"parent":0,"menu_order":0,"comment_status":"open","ping_status":"open","template":"","meta":{"_stopmodifiedupdate":false,"_modified_date":"","_eb_attr":"","_monsterinsights_skip_tracking":false,"_monsterinsights_sitenote_active":false,"_monsterinsights_sitenote_note":"","_monsterinsights_sitenote_category":0,"ocean_post_layout":"","ocean_both_sidebars_style":"","ocean_both_sidebars_content_width":0,"ocean_both_sidebars_sidebars_width":0,"ocean_sidebar":"0","ocean_second_sidebar":"0","ocean_disable_margins":"enable","ocean_add_body_class":"","ocean_shortcode_before_top_bar":"","ocean_shortcode_after_top_bar":"","ocean_shortcode_before_header":"","ocean_shortcode_after_header":"","ocean_has_shortcode":"","ocean_shortcode_after_title":"","ocean_shortcode_before_footer_widgets":"","ocean_shortcode_after_footer_widgets":"","ocean_shortcode_before_footer_bottom":"","ocean_shortcode_after_footer_bottom":"","ocean_display_top_bar":"default","ocean_display_header":"default","ocean_header_style":"","ocean_center_header_left_menu":"0","ocean_custom_header_template":"0","ocean_custom_logo":0,"ocean_custom_retina_logo":0,"ocean_custom_logo_max_width":0,"ocean_custom_logo_tablet_max_width":0,"ocean_custom_logo_mobile_max_width":0,"ocean_custom_logo_max_height":0,"ocean_custom_logo_tablet_max_height":0,"ocean_custom_logo_mobile_max_height":0,"ocean_header_custom_menu":"0","ocean_menu_typo_font_family":"0","ocean_menu_typo_font_subset":"","ocean_menu_typo_font_size":0,"ocean_menu_typo_font_size_tablet":0,"ocean_menu_typo_font_size_mobile":0,"ocean_menu_typo_font_size_unit":"px","ocean_menu_typo_font_weight":"","ocean_menu_typo_font_weight_tablet":"","ocean_menu_typo_font_weight_mobile":"","ocean_menu_typo_transform":"","ocean_menu_typo_transform_tablet":"","ocean_menu_typo_transform_mobile":"","ocean_menu_typo_line_height":0,"ocean_menu_typo_line_height_tablet":0,"ocean_menu_typo_line_height_mobile":0,"ocean_menu_typo_line_height_unit":"","ocean_menu_typo_spacing":0,"ocean_menu_typo_spacing_tablet":0,"ocean_menu_typo_spacing_mobile":0,"ocean_menu_typo_spacing_unit":"","ocean_menu_link_color":"","ocean_menu_link_color_hover":"","ocean_menu_link_color_active":"","ocean_menu_link_background":"","ocean_menu_link_hover_background":"","ocean_menu_link_active_background":"","ocean_menu_social_links_bg":"","ocean_menu_social_hover_links_bg":"","ocean_menu_social_links_color":"","ocean_menu_social_hover_links_color":"","ocean_disable_title":"default","ocean_disable_heading":"default","ocean_post_title":"","ocean_post_subheading":"","ocean_post_title_style":"","ocean_post_title_background_color":"","ocean_post_title_background":0,"ocean_post_title_bg_image_position":"","ocean_post_title_bg_image_attachment":"","ocean_post_title_bg_image_repeat":"","ocean_post_title_bg_image_size":"","ocean_post_title_height":0,"ocean_post_title_bg_overlay":0.5,"ocean_post_title_bg_overlay_color":"","ocean_disable_breadcrumbs":"default","ocean_breadcrumbs_color":"","ocean_breadcrumbs_separator_color":"","ocean_breadcrumbs_links_color":"","ocean_breadcrumbs_links_hover_color":"","ocean_display_footer_widgets":"default","ocean_display_footer_bottom":"default","ocean_custom_footer_template":"0","jetpack_post_was_ever_published":false,"_mc_calendar":[],"footnotes":""},"class_list":["post-3103","page","type-page","status-publish","hentry","entry"],"yoast_head":"<!-- This site is optimized with the Yoast SEO Premium plugin v26.7 (Yoast SEO v26.7) - https:\/\/yoast.com\/wordpress\/plugins\/seo\/ -->\n<title>Hauts-de-France - FrenchDuck.com<\/title>\n<meta name=\"robots\" content=\"index, follow, max-snippet:-1, max-image-preview:large, max-video-preview:-1\" \/>\n<link rel=\"canonical\" href=\"https:\/\/frenchduck.com\/latest\/hauts-de-france\/\" \/>\n<meta property=\"og:locale\" content=\"en_US\" \/>\n<meta property=\"og:type\" content=\"article\" \/>\n<meta property=\"og:title\" content=\"Hauts-de-France\" \/>\n<meta property=\"og:description\" content=\"&nbsp; A new region from 2016 formed from the old Nord-Pas-de-Calais and Picardie regions, which will be known as Hauts-de-France (HdF) \u00a0. Departements of the Nord-Pas-de-Calais-Picardie Region (2016) ; Prefecture: Lille 02 Aisne 59 Nord 60 Oise 62 Pas-de-Calais 80 Somme D\u00e9couvrez tous les jours les #hautsdefrance sous des angles insoup\u00e7onn\u00e9s, en rejoignant notre compte [&hellip;]\" \/>\n<meta property=\"og:url\" content=\"https:\/\/frenchduck.com\/latest\/hauts-de-france\/\" \/>\n<meta property=\"og:site_name\" content=\"FrenchDuck.com\" \/>\n<meta property=\"article:modified_time\" content=\"2022-01-08T10:02:49+00:00\" \/>\n<meta name=\"twitter:label1\" content=\"Est. reading time\" \/>\n\t<meta name=\"twitter:data1\" content=\"1 minute\" \/>\n<script type=\"application\/ld+json\" class=\"yoast-schema-graph\">{\"@context\":\"https:\/\/schema.org\",\"@graph\":[{\"@type\":\"WebPage\",\"@id\":\"https:\/\/frenchduck.com\/latest\/hauts-de-france\/\",\"url\":\"https:\/\/frenchduck.com\/latest\/hauts-de-france\/\",\"name\":\"Hauts-de-France - FrenchDuck.com\",\"isPartOf\":{\"@id\":\"https:\/\/frenchduck.com\/latest\/#website\"},\"datePublished\":\"2009-12-26T08:19:06+00:00\",\"dateModified\":\"2022-01-08T10:02:49+00:00\",\"inLanguage\":\"en-US\",\"potentialAction\":[{\"@type\":\"ReadAction\",\"target\":[\"https:\/\/frenchduck.com\/latest\/hauts-de-france\/\"]}]},{\"@type\":\"WebSite\",\"@id\":\"https:\/\/frenchduck.com\/latest\/#website\",\"url\":\"https:\/\/frenchduck.com\/latest\/\",\"name\":\"FrenchDuck.com\",\"description\":\"Latest on the best of France, French Wine, French Food, Travel, Holidays and Events\",\"publisher\":{\"@id\":\"https:\/\/frenchduck.com\/latest\/#\/schema\/person\/8dbbdc84bd37925c702295c262148429\"},\"potentialAction\":[{\"@type\":\"SearchAction\",\"target\":{\"@type\":\"EntryPoint\",\"urlTemplate\":\"https:\/\/frenchduck.com\/latest\/?s={search_term_string}\"},\"query-input\":{\"@type\":\"PropertyValueSpecification\",\"valueRequired\":true,\"valueName\":\"search_term_string\"}}],\"inLanguage\":\"en-US\"},{\"@type\":[\"Person\",\"Organization\"],\"@id\":\"https:\/\/frenchduck.com\/latest\/#\/schema\/person\/8dbbdc84bd37925c702295c262148429\",\"name\":\"duck\",\"image\":{\"@type\":\"ImageObject\",\"inLanguage\":\"en-US\",\"@id\":\"https:\/\/frenchduck.com\/latest\/#\/schema\/person\/image\/\",\"url\":\"https:\/\/secure.gravatar.com\/avatar\/46d282ec4e7d65e666e8d1ba4deda5980ca2e51d3a8844f555d3c97e76933a10?s=96&d=mm&r=g\",\"contentUrl\":\"https:\/\/secure.gravatar.com\/avatar\/46d282ec4e7d65e666e8d1ba4deda5980ca2e51d3a8844f555d3c97e76933a10?s=96&d=mm&r=g\",\"caption\":\"duck\"},\"logo\":{\"@id\":\"https:\/\/frenchduck.com\/latest\/#\/schema\/person\/image\/\"}}]}<\/script>\n<!-- \/ Yoast SEO Premium plugin. -->","yoast_head_json":{"title":"Hauts-de-France - FrenchDuck.com","robots":{"index":"index","follow":"follow","max-snippet":"max-snippet:-1","max-image-preview":"max-image-preview:large","max-video-preview":"max-video-preview:-1"},"canonical":"https:\/\/frenchduck.com\/latest\/hauts-de-france\/","og_locale":"en_US","og_type":"article","og_title":"Hauts-de-France","og_description":"&nbsp; A new region from 2016 formed from the old Nord-Pas-de-Calais and Picardie regions, which will be known as Hauts-de-France (HdF) \u00a0. Departements of the Nord-Pas-de-Calais-Picardie Region (2016) ; Prefecture: Lille 02 Aisne 59 Nord 60 Oise 62 Pas-de-Calais 80 Somme D\u00e9couvrez tous les jours les #hautsdefrance sous des angles insoup\u00e7onn\u00e9s, en rejoignant notre compte [&hellip;]","og_url":"https:\/\/frenchduck.com\/latest\/hauts-de-france\/","og_site_name":"FrenchDuck.com","article_modified_time":"2022-01-08T10:02:49+00:00","twitter_misc":{"Est. reading time":"1 minute"},"schema":{"@context":"https:\/\/schema.org","@graph":[{"@type":"WebPage","@id":"https:\/\/frenchduck.com\/latest\/hauts-de-france\/","url":"https:\/\/frenchduck.com\/latest\/hauts-de-france\/","name":"Hauts-de-France - FrenchDuck.com","isPartOf":{"@id":"https:\/\/frenchduck.com\/latest\/#website"},"datePublished":"2009-12-26T08:19:06+00:00","dateModified":"2022-01-08T10:02:49+00:00","inLanguage":"en-US","potentialAction":[{"@type":"ReadAction","target":["https:\/\/frenchduck.com\/latest\/hauts-de-france\/"]}]},{"@type":"WebSite","@id":"https:\/\/frenchduck.com\/latest\/#website","url":"https:\/\/frenchduck.com\/latest\/","name":"FrenchDuck.com","description":"Latest on the best of France, French Wine, French Food, Travel, Holidays and Events","publisher":{"@id":"https:\/\/frenchduck.com\/latest\/#\/schema\/person\/8dbbdc84bd37925c702295c262148429"},"potentialAction":[{"@type":"SearchAction","target":{"@type":"EntryPoint","urlTemplate":"https:\/\/frenchduck.com\/latest\/?s={search_term_string}"},"query-input":{"@type":"PropertyValueSpecification","valueRequired":true,"valueName":"search_term_string"}}],"inLanguage":"en-US"},{"@type":["Person","Organization"],"@id":"https:\/\/frenchduck.com\/latest\/#\/schema\/person\/8dbbdc84bd37925c702295c262148429","name":"duck","image":{"@type":"ImageObject","inLanguage":"en-US","@id":"https:\/\/frenchduck.com\/latest\/#\/schema\/person\/image\/","url":"https:\/\/secure.gravatar.com\/avatar\/46d282ec4e7d65e666e8d1ba4deda5980ca2e51d3a8844f555d3c97e76933a10?s=96&d=mm&r=g","contentUrl":"https:\/\/secure.gravatar.com\/avatar\/46d282ec4e7d65e666e8d1ba4deda5980ca2e51d3a8844f555d3c97e76933a10?s=96&d=mm&r=g","caption":"duck"},"logo":{"@id":"https:\/\/frenchduck.com\/latest\/#\/schema\/person\/image\/"}}]}},"jetpack_sharing_enabled":true,"publishpress_future_action":{"enabled":false,"date":"2026-04-27 20:24:51","action":"change-status","newStatus":"draft","terms":[],"taxonomy":"","extraData":[]},"publishpress_future_workflow_manual_trigger":{"enabledWorkflows":[]},"_links":{"self":[{"href":"https:\/\/frenchduck.com\/latest\/wp-json\/wp\/v2\/pages\/3103","targetHints":{"allow":["GET"]}}],"collection":[{"href":"https:\/\/frenchduck.com\/latest\/wp-json\/wp\/v2\/pages"}],"about":[{"href":"https:\/\/frenchduck.com\/latest\/wp-json\/wp\/v2\/types\/page"}],"author":[{"embeddable":true,"href":"https:\/\/frenchduck.com\/latest\/wp-json\/wp\/v2\/users\/1"}],"replies":[{"embeddable":true,"href":"https:\/\/frenchduck.com\/latest\/wp-json\/wp\/v2\/comments?post=3103"}],"version-history":[{"count":1,"href":"https:\/\/frenchduck.com\/latest\/wp-json\/wp\/v2\/pages\/3103\/revisions"}],"predecessor-version":[{"id":38195,"href":"https:\/\/frenchduck.com\/latest\/wp-json\/wp\/v2\/pages\/3103\/revisions\/38195"}],"wp:attachment":[{"href":"https:\/\/frenchduck.com\/latest\/wp-json\/wp\/v2\/media?parent=3103"}],"curies":[{"name":"wp","href":"https:\/\/api.w.org\/{rel}","templated":true}]}}