{"id":13467,"date":"2014-03-02T13:47:34","date_gmt":"2014-03-02T13:47:34","guid":{"rendered":"http:\/\/frenchduck.com\/?page_id=13467"},"modified":"2020-09-04T11:02:27","modified_gmt":"2020-09-04T09:02:27","slug":"beaujolais-wines","status":"publish","type":"page","link":"https:\/\/frenchduck.com\/latest\/french-wine-regions\/beaujolais-wines\/","title":{"rendered":"Beaujolais Wines"},"content":{"rendered":"<p><strong>Beaujolais<\/strong> wines are produced between the south of <strong>Burgundy<\/strong> and <strong>Lyon<\/strong> &#8211; made from hand-picked Gamay grapes &#8211; The region is best known for its light red wines, which taste great chilled and offer a refreshing flavour profile. A small amount of French white wine and pink ros\u00e9 is also made in the Beaujolais region.<\/p>\n<p>The wines are classified as Beaujolais, Beaujolais-Villages or one of the Cru villages &#8211; <strong>Brouilly, Ch\u00e9nas, Chiroubles, C\u00f4te de Brouilly, Fleurie, Julienas, Morgon, Moulin \u00e0 Vent, R\u00e9gni\u00e9 or Saint-Amour.<\/strong>  <strong>Beaujolais-Nouveau<\/strong> is to my mind a bit of a gimmick, being very young wine which lacks depth and style.<\/p>\n<ul class=\"lcp_catlist\" id=\"lcp_instance_0\"><li><a href=\"https:\/\/frenchduck.com\/latest\/another-french-icon-disappears\/\">Another French icon disappears<\/a><\/li><li><a href=\"https:\/\/frenchduck.com\/latest\/autoroute-of-the-trees-a77\/\">Autoroute of the Trees &#8211; A77<\/a><\/li><li><a href=\"https:\/\/frenchduck.com\/latest\/beaujolais-has-moved-100km-south\/\">Beaujolais has moved 100km south!<\/a><\/li><li><a href=\"https:\/\/frenchduck.com\/latest\/beaujolais-nouveau-festival\/\">Beaujolais Nouveau Festival<\/a><\/li><li><a href=\"https:\/\/frenchduck.com\/latest\/burgundy-beach-and-beer\/\">Burgundy Beach!<\/a><\/li><li><a href=\"https:\/\/frenchduck.com\/latest\/burgundys-imaginarium\/\">Burgundy&#8217;s Imaginarium<\/a><\/li><li><a href=\"https:\/\/frenchduck.com\/latest\/burgundy-bouzeron-persille\/\">Burgundy, Bouzeron &#038; Persill\u00e9<\/a><\/li><li><a href=\"https:\/\/frenchduck.com\/latest\/chablis-jean-marc-brocard\/\">Chablis &#8211; Jean-Marc Brocard<\/a><\/li><li><a href=\"https:\/\/frenchduck.com\/latest\/summer-in-eastern-burgundy\/\">Chalon-sur-Saone and Eastern Burgundy 2022<\/a><\/li><li><a href=\"https:\/\/frenchduck.com\/latest\/exploring-burgundy\/\">Exploring Burgundy<\/a><\/li><li><a href=\"https:\/\/frenchduck.com\/latest\/how-to-market-your-vineyard\/\">How to market your vineyard<\/a><\/li><li><a href=\"https:\/\/frenchduck.com\/latest\/macon-wine-fair\/\">M\u00e2con wine fair<\/a><\/li><li><a href=\"https:\/\/frenchduck.com\/latest\/paris-nice-cycle-race\/\">Paris &#8211; Nice cycle race<\/a><\/li><li><a href=\"https:\/\/frenchduck.com\/latest\/paris-to-nice-via-beaujolais-and-cotes-du-rhone-5-12-mar-06\/\">Paris to Nice via Beaujolais and Cotes du Rhone<\/a><\/li><li><a href=\"https:\/\/frenchduck.com\/latest\/sr-vincents-festival-nuits-st-georges-burgundy\/\">St Vincent&#8217;s Festival &#8211;  Burgundy<\/a><\/li><li><a href=\"https:\/\/frenchduck.com\/latest\/the-beaujolais-race-still-running\/\">The Beaujolais Race still running!<\/a><\/li><li><a href=\"https:\/\/frenchduck.com\/latest\/water-and-wine-french-vineyards-by-boat\/\">Water and wine &#8211; French vineyards by boat<\/a><\/li><li><a href=\"https:\/\/frenchduck.com\/latest\/when-is-a-barrel-a-barrique-or-piece-or-a-foudre\/\">When is a barrel a barrique, or pi\u00e8ce, or a foudre?<\/a><\/li><\/ul>\n<hr \/>\n<p>&nbsp;<\/p>\n","protected":false},"excerpt":{"rendered":"<p>Beaujolais wines are produced between the south of Burgundy and Lyon &#8211; made from hand-picked Gamay grapes &#8211; The region is best known for its light red wines, which taste great chilled and offer a refreshing flavour profile. A small amount of French white wine and pink ros\u00e9 is also made in the Beaujolais region. [&hellip;]<\/p>\n","protected":false},"author":1,"featured_media":0,"parent":33947,"menu_order":2,"comment_status":"closed","ping_status":"open","template":"","meta":{"_stopmodifiedupdate":false,"_modified_date":"","_eb_attr":"","_monsterinsights_skip_tracking":false,"_monsterinsights_sitenote_active":false,"_monsterinsights_sitenote_note":"","_monsterinsights_sitenote_category":0,"ocean_post_layout":"","ocean_both_sidebars_style":"","ocean_both_sidebars_content_width":0,"ocean_both_sidebars_sidebars_width":0,"ocean_sidebar":"","ocean_second_sidebar":"","ocean_disable_margins":"enable","ocean_add_body_class":"","ocean_shortcode_before_top_bar":"","ocean_shortcode_after_top_bar":"","ocean_shortcode_before_header":"","ocean_shortcode_after_header":"","ocean_has_shortcode":"","ocean_shortcode_after_title":"","ocean_shortcode_before_footer_widgets":"","ocean_shortcode_after_footer_widgets":"","ocean_shortcode_before_footer_bottom":"","ocean_shortcode_after_footer_bottom":"","ocean_display_top_bar":"default","ocean_display_header":"default","ocean_header_style":"","ocean_center_header_left_menu":"","ocean_custom_header_template":"","ocean_custom_logo":0,"ocean_custom_retina_logo":0,"ocean_custom_logo_max_width":0,"ocean_custom_logo_tablet_max_width":0,"ocean_custom_logo_mobile_max_width":0,"ocean_custom_logo_max_height":0,"ocean_custom_logo_tablet_max_height":0,"ocean_custom_logo_mobile_max_height":0,"ocean_header_custom_menu":"","ocean_menu_typo_font_family":"","ocean_menu_typo_font_subset":"","ocean_menu_typo_font_size":0,"ocean_menu_typo_font_size_tablet":0,"ocean_menu_typo_font_size_mobile":0,"ocean_menu_typo_font_size_unit":"px","ocean_menu_typo_font_weight":"","ocean_menu_typo_font_weight_tablet":"","ocean_menu_typo_font_weight_mobile":"","ocean_menu_typo_transform":"","ocean_menu_typo_transform_tablet":"","ocean_menu_typo_transform_mobile":"","ocean_menu_typo_line_height":0,"ocean_menu_typo_line_height_tablet":0,"ocean_menu_typo_line_height_mobile":0,"ocean_menu_typo_line_height_unit":"","ocean_menu_typo_spacing":0,"ocean_menu_typo_spacing_tablet":0,"ocean_menu_typo_spacing_mobile":0,"ocean_menu_typo_spacing_unit":"","ocean_menu_link_color":"","ocean_menu_link_color_hover":"","ocean_menu_link_color_active":"","ocean_menu_link_background":"","ocean_menu_link_hover_background":"","ocean_menu_link_active_background":"","ocean_menu_social_links_bg":"","ocean_menu_social_hover_links_bg":"","ocean_menu_social_links_color":"","ocean_menu_social_hover_links_color":"","ocean_disable_title":"default","ocean_disable_heading":"default","ocean_post_title":"","ocean_post_subheading":"","ocean_post_title_style":"","ocean_post_title_background_color":"","ocean_post_title_background":0,"ocean_post_title_bg_image_position":"","ocean_post_title_bg_image_attachment":"","ocean_post_title_bg_image_repeat":"","ocean_post_title_bg_image_size":"","ocean_post_title_height":0,"ocean_post_title_bg_overlay":0.5,"ocean_post_title_bg_overlay_color":"","ocean_disable_breadcrumbs":"default","ocean_breadcrumbs_color":"","ocean_breadcrumbs_separator_color":"","ocean_breadcrumbs_links_color":"","ocean_breadcrumbs_links_hover_color":"","ocean_display_footer_widgets":"default","ocean_display_footer_bottom":"default","ocean_custom_footer_template":"","jetpack_post_was_ever_published":false,"_mc_calendar":[],"footnotes":""},"class_list":["post-13467","page","type-page","status-publish","hentry","entry"],"yoast_head":"<!-- This site is optimized with the Yoast SEO Premium plugin v26.7 (Yoast SEO v26.7) - https:\/\/yoast.com\/wordpress\/plugins\/seo\/ -->\n<title>Beaujolais Wines - FrenchDuck.com<\/title>\n<meta name=\"robots\" content=\"index, follow, max-snippet:-1, max-image-preview:large, max-video-preview:-1\" \/>\n<link rel=\"canonical\" href=\"https:\/\/frenchduck.com\/latest\/french-wine-regions\/beaujolais-wines\/\" \/>\n<meta property=\"og:locale\" content=\"en_US\" \/>\n<meta property=\"og:type\" content=\"article\" \/>\n<meta property=\"og:title\" content=\"Beaujolais Wines\" \/>\n<meta property=\"og:description\" content=\"Beaujolais wines are produced between the south of Burgundy and Lyon &#8211; made from hand-picked Gamay grapes &#8211; The region is best known for its light red wines, which taste great chilled and offer a refreshing flavour profile. A small amount of French white wine and pink ros\u00e9 is also made in the Beaujolais region. [&hellip;]\" \/>\n<meta property=\"og:url\" content=\"https:\/\/frenchduck.com\/latest\/french-wine-regions\/beaujolais-wines\/\" \/>\n<meta property=\"og:site_name\" content=\"FrenchDuck.com\" \/>\n<meta property=\"article:modified_time\" content=\"2020-09-04T09:02:27+00:00\" \/>\n<meta name=\"twitter:label1\" content=\"Est. reading time\" \/>\n\t<meta name=\"twitter:data1\" content=\"1 minute\" \/>\n<script type=\"application\/ld+json\" class=\"yoast-schema-graph\">{\"@context\":\"https:\/\/schema.org\",\"@graph\":[{\"@type\":\"WebPage\",\"@id\":\"https:\/\/frenchduck.com\/latest\/french-wine-regions\/beaujolais-wines\/\",\"url\":\"https:\/\/frenchduck.com\/latest\/french-wine-regions\/beaujolais-wines\/\",\"name\":\"Beaujolais Wines - FrenchDuck.com\",\"isPartOf\":{\"@id\":\"https:\/\/frenchduck.com\/latest\/#website\"},\"datePublished\":\"2014-03-02T13:47:34+00:00\",\"dateModified\":\"2020-09-04T09:02:27+00:00\",\"breadcrumb\":{\"@id\":\"https:\/\/frenchduck.com\/latest\/french-wine-regions\/beaujolais-wines\/#breadcrumb\"},\"inLanguage\":\"en-US\",\"potentialAction\":[{\"@type\":\"ReadAction\",\"target\":[\"https:\/\/frenchduck.com\/latest\/french-wine-regions\/beaujolais-wines\/\"]}]},{\"@type\":\"BreadcrumbList\",\"@id\":\"https:\/\/frenchduck.com\/latest\/french-wine-regions\/beaujolais-wines\/#breadcrumb\",\"itemListElement\":[{\"@type\":\"ListItem\",\"position\":1,\"name\":\"French Wine Regions\",\"item\":\"https:\/\/frenchduck.com\/latest\/french-wine-regions\/\"},{\"@type\":\"ListItem\",\"position\":2,\"name\":\"Beaujolais Wines\"}]},{\"@type\":\"WebSite\",\"@id\":\"https:\/\/frenchduck.com\/latest\/#website\",\"url\":\"https:\/\/frenchduck.com\/latest\/\",\"name\":\"FrenchDuck.com\",\"description\":\"Latest on the best of France, French Wine, French Food, Travel, Holidays and Events\",\"publisher\":{\"@id\":\"https:\/\/frenchduck.com\/latest\/#\/schema\/person\/8dbbdc84bd37925c702295c262148429\"},\"potentialAction\":[{\"@type\":\"SearchAction\",\"target\":{\"@type\":\"EntryPoint\",\"urlTemplate\":\"https:\/\/frenchduck.com\/latest\/?s={search_term_string}\"},\"query-input\":{\"@type\":\"PropertyValueSpecification\",\"valueRequired\":true,\"valueName\":\"search_term_string\"}}],\"inLanguage\":\"en-US\"},{\"@type\":[\"Person\",\"Organization\"],\"@id\":\"https:\/\/frenchduck.com\/latest\/#\/schema\/person\/8dbbdc84bd37925c702295c262148429\",\"name\":\"duck\",\"image\":{\"@type\":\"ImageObject\",\"inLanguage\":\"en-US\",\"@id\":\"https:\/\/frenchduck.com\/latest\/#\/schema\/person\/image\/\",\"url\":\"https:\/\/secure.gravatar.com\/avatar\/46d282ec4e7d65e666e8d1ba4deda5980ca2e51d3a8844f555d3c97e76933a10?s=96&d=mm&r=g\",\"contentUrl\":\"https:\/\/secure.gravatar.com\/avatar\/46d282ec4e7d65e666e8d1ba4deda5980ca2e51d3a8844f555d3c97e76933a10?s=96&d=mm&r=g\",\"caption\":\"duck\"},\"logo\":{\"@id\":\"https:\/\/frenchduck.com\/latest\/#\/schema\/person\/image\/\"}}]}<\/script>\n<!-- \/ Yoast SEO Premium plugin. -->","yoast_head_json":{"title":"Beaujolais Wines - FrenchDuck.com","robots":{"index":"index","follow":"follow","max-snippet":"max-snippet:-1","max-image-preview":"max-image-preview:large","max-video-preview":"max-video-preview:-1"},"canonical":"https:\/\/frenchduck.com\/latest\/french-wine-regions\/beaujolais-wines\/","og_locale":"en_US","og_type":"article","og_title":"Beaujolais Wines","og_description":"Beaujolais wines are produced between the south of Burgundy and Lyon &#8211; made from hand-picked Gamay grapes &#8211; The region is best known for its light red wines, which taste great chilled and offer a refreshing flavour profile. A small amount of French white wine and pink ros\u00e9 is also made in the Beaujolais region. [&hellip;]","og_url":"https:\/\/frenchduck.com\/latest\/french-wine-regions\/beaujolais-wines\/","og_site_name":"FrenchDuck.com","article_modified_time":"2020-09-04T09:02:27+00:00","twitter_misc":{"Est. reading time":"1 minute"},"schema":{"@context":"https:\/\/schema.org","@graph":[{"@type":"WebPage","@id":"https:\/\/frenchduck.com\/latest\/french-wine-regions\/beaujolais-wines\/","url":"https:\/\/frenchduck.com\/latest\/french-wine-regions\/beaujolais-wines\/","name":"Beaujolais Wines - FrenchDuck.com","isPartOf":{"@id":"https:\/\/frenchduck.com\/latest\/#website"},"datePublished":"2014-03-02T13:47:34+00:00","dateModified":"2020-09-04T09:02:27+00:00","breadcrumb":{"@id":"https:\/\/frenchduck.com\/latest\/french-wine-regions\/beaujolais-wines\/#breadcrumb"},"inLanguage":"en-US","potentialAction":[{"@type":"ReadAction","target":["https:\/\/frenchduck.com\/latest\/french-wine-regions\/beaujolais-wines\/"]}]},{"@type":"BreadcrumbList","@id":"https:\/\/frenchduck.com\/latest\/french-wine-regions\/beaujolais-wines\/#breadcrumb","itemListElement":[{"@type":"ListItem","position":1,"name":"French Wine Regions","item":"https:\/\/frenchduck.com\/latest\/french-wine-regions\/"},{"@type":"ListItem","position":2,"name":"Beaujolais Wines"}]},{"@type":"WebSite","@id":"https:\/\/frenchduck.com\/latest\/#website","url":"https:\/\/frenchduck.com\/latest\/","name":"FrenchDuck.com","description":"Latest on the best of France, French Wine, French Food, Travel, Holidays and Events","publisher":{"@id":"https:\/\/frenchduck.com\/latest\/#\/schema\/person\/8dbbdc84bd37925c702295c262148429"},"potentialAction":[{"@type":"SearchAction","target":{"@type":"EntryPoint","urlTemplate":"https:\/\/frenchduck.com\/latest\/?s={search_term_string}"},"query-input":{"@type":"PropertyValueSpecification","valueRequired":true,"valueName":"search_term_string"}}],"inLanguage":"en-US"},{"@type":["Person","Organization"],"@id":"https:\/\/frenchduck.com\/latest\/#\/schema\/person\/8dbbdc84bd37925c702295c262148429","name":"duck","image":{"@type":"ImageObject","inLanguage":"en-US","@id":"https:\/\/frenchduck.com\/latest\/#\/schema\/person\/image\/","url":"https:\/\/secure.gravatar.com\/avatar\/46d282ec4e7d65e666e8d1ba4deda5980ca2e51d3a8844f555d3c97e76933a10?s=96&d=mm&r=g","contentUrl":"https:\/\/secure.gravatar.com\/avatar\/46d282ec4e7d65e666e8d1ba4deda5980ca2e51d3a8844f555d3c97e76933a10?s=96&d=mm&r=g","caption":"duck"},"logo":{"@id":"https:\/\/frenchduck.com\/latest\/#\/schema\/person\/image\/"}}]}},"jetpack_sharing_enabled":true,"publishpress_future_action":{"enabled":false,"date":"2026-05-04 04:26:21","action":"change-status","newStatus":"draft","terms":[],"taxonomy":"","extraData":[]},"publishpress_future_workflow_manual_trigger":{"enabledWorkflows":[]},"_links":{"self":[{"href":"https:\/\/frenchduck.com\/latest\/wp-json\/wp\/v2\/pages\/13467","targetHints":{"allow":["GET"]}}],"collection":[{"href":"https:\/\/frenchduck.com\/latest\/wp-json\/wp\/v2\/pages"}],"about":[{"href":"https:\/\/frenchduck.com\/latest\/wp-json\/wp\/v2\/types\/page"}],"author":[{"embeddable":true,"href":"https:\/\/frenchduck.com\/latest\/wp-json\/wp\/v2\/users\/1"}],"replies":[{"embeddable":true,"href":"https:\/\/frenchduck.com\/latest\/wp-json\/wp\/v2\/comments?post=13467"}],"version-history":[{"count":1,"href":"https:\/\/frenchduck.com\/latest\/wp-json\/wp\/v2\/pages\/13467\/revisions"}],"predecessor-version":[{"id":34166,"href":"https:\/\/frenchduck.com\/latest\/wp-json\/wp\/v2\/pages\/13467\/revisions\/34166"}],"up":[{"embeddable":true,"href":"https:\/\/frenchduck.com\/latest\/wp-json\/wp\/v2\/pages\/33947"}],"wp:attachment":[{"href":"https:\/\/frenchduck.com\/latest\/wp-json\/wp\/v2\/media?parent=13467"}],"curies":[{"name":"wp","href":"https:\/\/api.w.org\/{rel}","templated":true}]}}